{"id":47,"date":"2022-08-10T22:06:00","date_gmt":"2022-08-10T20:06:00","guid":{"rendered":"http:\/\/kukielkahandmade.pl\/?page_id=47"},"modified":"2023-08-10T22:00:19","modified_gmt":"2023-08-10T20:00:19","slug":"strona-glowna","status":"publish","type":"page","link":"http:\/\/kukielkahandmade.pl\/","title":{"rendered":"strona g\u0142\u00f3wna"},"content":{"rendered":"\t\t<div data-elementor-type=\"wp-page\" data-elementor-id=\"47\" class=\"elementor elementor-47\">\n\t\t\t\t\t\t<section class=\"elementor-section elementor-top-section elementor-element elementor-element-2a39e5e8 elementor-section-boxed elementor-section-height-default elementor-section-height-default\" data-id=\"2a39e5e8\" data-element_type=\"section\" data-e-type=\"section\">\n\t\t\t\t\t\t<div class=\"elementor-container elementor-column-gap-default\">\n\t\t\t\t\t<div class=\"elementor-column elementor-col-100 elementor-top-column elementor-element elementor-element-7bc92be2\" data-id=\"7bc92be2\" data-element_type=\"column\" data-e-type=\"column\">\n\t\t\t<div class=\"elementor-widget-wrap elementor-element-populated\">\n\t\t\t\t\t\t<div class=\"elementor-element elementor-element-9c7cf2 elementor-widget elementor-widget-text-editor\" data-id=\"9c7cf2\" data-element_type=\"widget\" data-e-type=\"widget\" data-widget_type=\"text-editor.default\">\n\t\t\t\t<div class=\"elementor-widget-container\">\n\t\t\t\t\t\t\t\t\t\n<p>Witaj na stronie <em><strong>kukielkahandmade.pl<\/strong><\/em> &#8211; \u015bwiecie sk\u00f3rzanych arcydzie\u0142!<\/p>\n\n\n\n<p>Moj\u0105 pasj\u0105 jest oddawanie si\u0119 sztuce tworzenia unikalnych wyrob\u00f3w sk\u00f3rzanych. Moje produkty to owoc precyzyjnej pracy, mi\u0142o\u015bci do detali i wysokiej jako\u015bci materia\u0142\u00f3w. Od lat doskonal\u0119 moje rzemios\u0142o, aby dostarczy\u0107 Tobie najwy\u017cszej klasy wyroby, kt\u00f3re zachwyc\u0105 swoj\u0105 wyj\u0105tkowo\u015bci\u0105 i trwa\u0142o\u015bci\u0105.<\/p>\n\n\n\n<p>Dlaczego moje wyroby sk\u00f3rzane s\u0105 tak wyj\u0105tkowe?<\/p>\n\n\n\n<p><strong>R\u0119czne wykonanie:<\/strong> Ka\u017cdy produkt powstaje w moim warsztacie z wykorzystaniem specjalnie dobranych narz\u0119dzi. Zawsze dok\u0142adam szczeg\u00f3lnej staranno\u015bci, aby stworzy\u0107 dla Ciebie co\u015b naprawd\u0119 wyj\u0105tkowego.<\/p>\n\n\n\n<p><strong>Wyb\u00f3r najlepszych materia\u0142\u00f3w:<\/strong> Dbam o jako\u015b\u0107, dlatego korzystam tylko z najwy\u017cszej jako\u015bci sk\u00f3ry i dodatk\u00f3w. Moje wyroby s\u0105 trwa\u0142e i odporne na codzienne u\u017cytkowanie.<\/p>\n\n\n\n<p><strong>Indywidualne podej\u015bcie:<\/strong> Zale\u017cy mi na spe\u0142nieniu Twoich oczekiwa\u0144. Je\u015bli szukasz czego\u015b konkretnego lub masz swoj\u0105 w\u0142asn\u0105 wizj\u0119, ch\u0119tnie pomog\u0119 Ci zrealizowa\u0107 Twoje marzenie.<\/p>\n\n\n\n<p>Zapraszamy do mojego sklepu, gdzie znajdziesz bogaty wyb\u00f3r wyrob\u00f3w sk\u00f3rzanych, w tym eleganckie etui na r\u00f3\u017cne przedmioty, stylowe paski podkre\u015blaj\u0105ce Tw\u00f3j indywidualny styl, a tak\u017ce niezawodne portfele, kt\u00f3re b\u0119d\u0105 Twoim wiernym towarzyszem.<\/p>\n\n\n\n<p>Odkryj pi\u0119kno moich produkt\u00f3w dzi\u0119ki galerii, gdzie prezentuj\u0119 najnowsze projekty oraz etapy tworzenia moich wyrob\u00f3w.<\/p>\n\n\n\n<p>Gwarantuj\u0119 bezpieczne i szybkie dostawy, a dodatkowo jestem zawsze gotowy odpowiedzie\u0107 na Twoje pytania i zapewni\u0107 Ci wsparcie na ka\u017cdym etapie zakupu.<\/p>\n\n\n\n<p>Do\u0142\u0105cz do grona zadowolonych klient\u00f3w i odkryj wysok\u0105 jako\u015b\u0107 moich sk\u00f3rzanych arcydzie\u0142 ju\u017c dzi\u015b!<\/p>\n\n\n\n<p>Pragn\u0119 podkre\u015bli\u0107, \u017ce ka\u017cdy m\u00f3j produkt jest wyj\u0105tkowy, wi\u0119c je\u015bli szukasz rzeczy, kt\u00f3ra wyr\u00f3\u017cni Ci\u0119 z t\u0142umu, <em><strong>Kukie\u0142ka Handmade<\/strong><\/em> to idealne miejsce dla Ciebie!<\/p>\n\n\n\n<p>Zapraszam do zakup\u00f3w i ciesz\u0119 si\u0119, \u017ce mog\u0119 dzieli\u0107 moj\u0105 pasj\u0119 z Tob\u0105!<\/p>\n\n\n\n<p><strong><em>Kukie\u0142ka Handmade<\/em> &#8211; Unikalne wyroby sk\u00f3rzane tylko dla Ciebie.<\/strong><\/p>\n\t\t\t\t\t\t\t\t<\/div>\n\t\t\t\t<\/div>\n\t\t\t\t\t<\/div>\n\t\t<\/div>\n\t\t\t\t\t<\/div>\n\t\t<\/section>\n\t\t\t\t<\/div>\n\t\t","protected":false},"excerpt":{"rendered":"<p>Witaj na stronie kukielkahandmade.pl &#8211; \u015bwiecie sk\u00f3rzanych arcydzie\u0142! Moj\u0105 pasj\u0105 jest oddawanie si\u0119 sztuce tworzenia unikalnych wyrob\u00f3w sk\u00f3rzanych. Moje produkty to owoc<\/p>\n<p class=\"link-more\"><a class=\"myButt \" href=\"http:\/\/kukielkahandmade.pl\/\">Czytaj wi\u0119cej&#8230;<\/a><\/p>\n","protected":false},"author":1,"featured_media":0,"parent":0,"menu_order":0,"comment_status":"closed","ping_status":"closed","template":"","meta":{"footnotes":""},"class_list":["post-47","page","type-page","status-publish","hentry"],"_links":{"self":[{"href":"http:\/\/kukielkahandmade.pl\/index.php?rest_route=\/wp\/v2\/pages\/47","targetHints":{"allow":["GET"]}}],"collection":[{"href":"http:\/\/kukielkahandmade.pl\/index.php?rest_route=\/wp\/v2\/pages"}],"about":[{"href":"http:\/\/kukielkahandmade.pl\/index.php?rest_route=\/wp\/v2\/types\/page"}],"author":[{"embeddable":true,"href":"http:\/\/kukielkahandmade.pl\/index.php?rest_route=\/wp\/v2\/users\/1"}],"replies":[{"embeddable":true,"href":"http:\/\/kukielkahandmade.pl\/index.php?rest_route=%2Fwp%2Fv2%2Fcomments&post=47"}],"version-history":[{"count":17,"href":"http:\/\/kukielkahandmade.pl\/index.php?rest_route=\/wp\/v2\/pages\/47\/revisions"}],"predecessor-version":[{"id":322,"href":"http:\/\/kukielkahandmade.pl\/index.php?rest_route=\/wp\/v2\/pages\/47\/revisions\/322"}],"wp:attachment":[{"href":"http:\/\/kukielkahandmade.pl\/index.php?rest_route=%2Fwp%2Fv2%2Fmedia&parent=47"}],"curies":[{"name":"wp","href":"https:\/\/api.w.org\/{rel}","templated":true}]}}