{"id":270,"date":"2023-08-07T22:23:47","date_gmt":"2023-08-07T20:23:47","guid":{"rendered":"http:\/\/kukielkahandmade.pl\/?page_id=270"},"modified":"2023-08-07T23:09:07","modified_gmt":"2023-08-07T21:09:07","slug":"galeria-prac","status":"publish","type":"page","link":"http:\/\/kukielkahandmade.pl\/?page_id=270","title":{"rendered":"Galeria prac"},"content":{"rendered":"\t\t<div data-elementor-type=\"wp-page\" data-elementor-id=\"270\" class=\"elementor elementor-270\">\n\t\t\t\t\t\t<section class=\"elementor-section elementor-top-section elementor-element elementor-element-64ce6ea elementor-section-boxed elementor-section-height-default elementor-section-height-default\" data-id=\"64ce6ea\" data-element_type=\"section\" data-e-type=\"section\">\n\t\t\t\t\t\t<div class=\"elementor-container elementor-column-gap-default\">\n\t\t\t\t\t<div class=\"elementor-column elementor-col-100 elementor-top-column elementor-element elementor-element-83dfcba\" data-id=\"83dfcba\" data-element_type=\"column\" data-e-type=\"column\">\n\t\t\t<div class=\"elementor-widget-wrap elementor-element-populated\">\n\t\t\t\t\t\t<div class=\"elementor-element elementor-element-a0f3392 elementor-widget elementor-widget-heading\" data-id=\"a0f3392\" data-element_type=\"widget\" data-e-type=\"widget\" data-widget_type=\"heading.default\">\n\t\t\t\t<div class=\"elementor-widget-container\">\n\t\t\t\t\t<h2 class=\"elementor-heading-title elementor-size-default\">Pasy<\/h2>\t\t\t\t<\/div>\n\t\t\t\t<\/div>\n\t\t\t\t\t<\/div>\n\t\t<\/div>\n\t\t\t\t\t<\/div>\n\t\t<\/section>\n\t\t\t\t<section class=\"elementor-section elementor-top-section elementor-element elementor-element-bdf3dd5 elementor-section-full_width animated-slow elementor-section-height-default elementor-section-height-default elementor-invisible\" data-id=\"bdf3dd5\" data-element_type=\"section\" data-e-type=\"section\" data-settings=\"{&quot;animation&quot;:&quot;fadeIn&quot;,&quot;animation_delay&quot;:600}\">\n\t\t\t\t\t\t<div class=\"elementor-container elementor-column-gap-default\">\n\t\t\t\t\t<div class=\"elementor-column elementor-col-100 elementor-top-column elementor-element elementor-element-7963a2c\" data-id=\"7963a2c\" data-element_type=\"column\" data-e-type=\"column\">\n\t\t\t<div class=\"elementor-widget-wrap elementor-element-populated\">\n\t\t\t\t\t\t<div class=\"elementor-element elementor-element-c3c534d elementor-arrows-position-inside elementor-pagination-position-outside elementor-widget elementor-widget-image-carousel\" data-id=\"c3c534d\" data-element_type=\"widget\" data-e-type=\"widget\" data-settings=\"{&quot;navigation&quot;:&quot;both&quot;,&quot;autoplay&quot;:&quot;yes&quot;,&quot;pause_on_hover&quot;:&quot;yes&quot;,&quot;pause_on_interaction&quot;:&quot;yes&quot;,&quot;autoplay_speed&quot;:5000,&quot;infinite&quot;:&quot;yes&quot;,&quot;speed&quot;:500}\" data-widget_type=\"image-carousel.default\">\n\t\t\t\t<div class=\"elementor-widget-container\">\n\t\t\t\t\t\t\t<div class=\"elementor-image-carousel-wrapper swiper\" role=\"region\" aria-roledescription=\"carousel\" aria-label=\"Karuzela obrazk\u00f3w\" dir=\"ltr\">\n\t\t\t<div class=\"elementor-image-carousel swiper-wrapper\" aria-live=\"off\">\n\t\t\t\t\t\t\t\t<div class=\"swiper-slide\" role=\"group\" aria-roledescription=\"slide\" aria-label=\"1 z 3\"><a data-elementor-open-lightbox=\"yes\" data-elementor-lightbox-slideshow=\"c3c534d\" data-elementor-lightbox-title=\"IMG_20210927_163736\" data-e-action-hash=\"#elementor-action%3Aaction%3Dlightbox%26settings%3DeyJpZCI6MjY0LCJ1cmwiOiJodHRwOlwvXC9rdWtpZWxrYWhhbmRtYWRlLnBsXC93cC1jb250ZW50XC91cGxvYWRzXC8yMDIzXC8wOFwvSU1HXzIwMjEwOTI3XzE2MzczNi1zY2FsZWQuanBnIiwic2xpZGVzaG93IjoiYzNjNTM0ZCJ9\" href=\"http:\/\/kukielkahandmade.pl\/wp-content\/uploads\/2023\/08\/IMG_20210927_163736-scaled.jpg\"><figure class=\"swiper-slide-inner\"><img decoding=\"async\" class=\"swiper-slide-image\" src=\"http:\/\/kukielkahandmade.pl\/wp-content\/uploads\/2023\/08\/IMG_20210927_163736-scaled.jpg\" alt=\"Pas sk\u00f3rzany na prezent dla m\u0119\u017ca kole\u017canki\" \/><figcaption class=\"elementor-image-carousel-caption\">Pas sk\u00f3rzany na prezent dla m\u0119\u017ca kole\u017canki<\/figcaption><\/figure><\/a><\/div><div class=\"swiper-slide\" role=\"group\" aria-roledescription=\"slide\" aria-label=\"2 z 3\"><a data-elementor-open-lightbox=\"yes\" data-elementor-lightbox-slideshow=\"c3c534d\" data-elementor-lightbox-title=\"Hisilicon Balong\" data-e-action-hash=\"#elementor-action%3Aaction%3Dlightbox%26settings%3DeyJpZCI6MjYzLCJ1cmwiOiJodHRwOlwvXC9rdWtpZWxrYWhhbmRtYWRlLnBsXC93cC1jb250ZW50XC91cGxvYWRzXC8yMDIzXC8wOFwvcGFzLWRsYS1LYXNpLW1lemEtc2NhbGVkLmpwZyIsInNsaWRlc2hvdyI6ImMzYzUzNGQifQ%3D%3D\" href=\"http:\/\/kukielkahandmade.pl\/wp-content\/uploads\/2023\/08\/pas-dla-Kasi-meza-scaled.jpg\"><figure class=\"swiper-slide-inner\"><img decoding=\"async\" class=\"swiper-slide-image\" src=\"http:\/\/kukielkahandmade.pl\/wp-content\/uploads\/2023\/08\/pas-dla-Kasi-meza-scaled.jpg\" alt=\"Pas sk\u00f3rzany na prezent dla architekta\" \/><figcaption class=\"elementor-image-carousel-caption\">Pas sk\u00f3rzany na prezent dla architekta<\/figcaption><\/figure><\/a><\/div><div class=\"swiper-slide\" role=\"group\" aria-roledescription=\"slide\" aria-label=\"3 z 3\"><a data-elementor-open-lightbox=\"yes\" data-elementor-lightbox-slideshow=\"c3c534d\" data-elementor-lightbox-title=\"IMG_20210914_181329\" data-e-action-hash=\"#elementor-action%3Aaction%3Dlightbox%26settings%3DeyJpZCI6MjcyLCJ1cmwiOiJodHRwOlwvXC9rdWtpZWxrYWhhbmRtYWRlLnBsXC93cC1jb250ZW50XC91cGxvYWRzXC8yMDIzXC8wOFwvSU1HXzIwMjEwOTE0XzE4MTMyOS1zY2FsZWQuanBnIiwic2xpZGVzaG93IjoiYzNjNTM0ZCJ9\" href=\"http:\/\/kukielkahandmade.pl\/wp-content\/uploads\/2023\/08\/IMG_20210914_181329-scaled.jpg\"><figure class=\"swiper-slide-inner\"><img decoding=\"async\" class=\"swiper-slide-image\" src=\"http:\/\/kukielkahandmade.pl\/wp-content\/uploads\/2023\/08\/IMG_20210914_181329-scaled.jpg\" alt=\"Pasek dla nastolatki\" \/><figcaption class=\"elementor-image-carousel-caption\">Pasek dla nastolatki<\/figcaption><\/figure><\/a><\/div>\t\t\t<\/div>\n\t\t\t\t\t\t\t\t\t\t\t\t<div class=\"elementor-swiper-button elementor-swiper-button-prev\" role=\"button\" tabindex=\"0\">\n\t\t\t\t\t\t<i aria-hidden=\"true\" class=\"eicon-chevron-left\"><\/i>\t\t\t\t\t<\/div>\n\t\t\t\t\t<div class=\"elementor-swiper-button elementor-swiper-button-next\" role=\"button\" tabindex=\"0\">\n\t\t\t\t\t\t<i aria-hidden=\"true\" class=\"eicon-chevron-right\"><\/i>\t\t\t\t\t<\/div>\n\t\t\t\t\n\t\t\t\t\t\t\t\t\t<div class=\"swiper-pagination\"><\/div>\n\t\t\t\t\t\t\t\t\t<\/div>\n\t\t\t\t\t\t<\/div>\n\t\t\t\t<\/div>\n\t\t\t\t\t<\/div>\n\t\t<\/div>\n\t\t\t\t\t<\/div>\n\t\t<\/section>\n\t\t\t\t<section class=\"elementor-section elementor-top-section elementor-element elementor-element-6bc4dcd elementor-section-boxed elementor-section-height-default elementor-section-height-default\" data-id=\"6bc4dcd\" data-element_type=\"section\" data-e-type=\"section\">\n\t\t\t\t\t\t\t<div class=\"elementor-background-overlay\"><\/div>\n\t\t\t\t\t\t\t<div class=\"elementor-container elementor-column-gap-default\">\n\t\t\t\t\t<div class=\"elementor-column elementor-col-100 elementor-top-column elementor-element elementor-element-704a5a8\" data-id=\"704a5a8\" data-element_type=\"column\" data-e-type=\"column\">\n\t\t\t<div class=\"elementor-widget-wrap elementor-element-populated\">\n\t\t\t\t\t\t<div class=\"elementor-element elementor-element-342d0ed elementor-widget elementor-widget-heading\" data-id=\"342d0ed\" data-element_type=\"widget\" data-e-type=\"widget\" data-widget_type=\"heading.default\">\n\t\t\t\t<div class=\"elementor-widget-container\">\n\t\t\t\t\t<h2 class=\"elementor-heading-title elementor-size-default\">Paski zegarkowe<\/h2>\t\t\t\t<\/div>\n\t\t\t\t<\/div>\n\t\t\t\t\t<\/div>\n\t\t<\/div>\n\t\t\t\t\t<\/div>\n\t\t<\/section>\n\t\t\t\t<section class=\"elementor-section elementor-top-section elementor-element elementor-element-e47419f elementor-section-boxed elementor-section-height-default elementor-section-height-default\" data-id=\"e47419f\" data-element_type=\"section\" data-e-type=\"section\" data-settings=\"{&quot;shape_divider_top&quot;:&quot;curve&quot;}\">\n\t\t\t\t\t<div class=\"elementor-shape elementor-shape-top\" aria-hidden=\"true\" data-negative=\"false\">\n\t\t\t<svg xmlns=\"http:\/\/www.w3.org\/2000\/svg\" viewBox=\"0 0 1000 100\" preserveAspectRatio=\"none\">\n    <path class=\"elementor-shape-fill\" d=\"M1000,4.3V0H0v4.3C0.9,23.1,126.7,99.2,500,100S1000,22.7,1000,4.3z\"\/>\n<\/svg>\t\t<\/div>\n\t\t\t\t\t<div class=\"elementor-container elementor-column-gap-default\">\n\t\t\t\t\t<div class=\"elementor-column elementor-col-100 elementor-top-column elementor-element elementor-element-c93a523\" data-id=\"c93a523\" data-element_type=\"column\" data-e-type=\"column\">\n\t\t\t<div class=\"elementor-widget-wrap elementor-element-populated\">\n\t\t\t\t\t\t<div class=\"elementor-element elementor-element-59589bf elementor-arrows-position-inside elementor-pagination-position-outside elementor-widget elementor-widget-image-carousel\" data-id=\"59589bf\" data-element_type=\"widget\" data-e-type=\"widget\" data-settings=\"{&quot;navigation&quot;:&quot;both&quot;,&quot;autoplay&quot;:&quot;yes&quot;,&quot;pause_on_hover&quot;:&quot;yes&quot;,&quot;pause_on_interaction&quot;:&quot;yes&quot;,&quot;autoplay_speed&quot;:5000,&quot;infinite&quot;:&quot;yes&quot;,&quot;speed&quot;:500}\" data-widget_type=\"image-carousel.default\">\n\t\t\t\t<div class=\"elementor-widget-container\">\n\t\t\t\t\t\t\t<div class=\"elementor-image-carousel-wrapper swiper\" role=\"region\" aria-roledescription=\"carousel\" aria-label=\"Karuzela obrazk\u00f3w\" dir=\"ltr\">\n\t\t\t<div class=\"elementor-image-carousel swiper-wrapper\" aria-live=\"off\">\n\t\t\t\t\t\t\t\t<div class=\"swiper-slide\" role=\"group\" aria-roledescription=\"slide\" aria-label=\"1 z 5\"><a data-elementor-open-lightbox=\"yes\" data-elementor-lightbox-slideshow=\"59589bf\" data-elementor-lightbox-title=\"IMG_20210428_112729\" data-e-action-hash=\"#elementor-action%3Aaction%3Dlightbox%26settings%3DeyJpZCI6MjY3LCJ1cmwiOiJodHRwOlwvXC9rdWtpZWxrYWhhbmRtYWRlLnBsXC93cC1jb250ZW50XC91cGxvYWRzXC8yMDIzXC8wOFwvSU1HXzIwMjEwNDI4XzExMjcyOS1zY2FsZWQuanBnIiwic2xpZGVzaG93IjoiNTk1ODliZiJ9\" href=\"http:\/\/kukielkahandmade.pl\/wp-content\/uploads\/2023\/08\/IMG_20210428_112729-scaled.jpg\"><figure class=\"swiper-slide-inner\"><img decoding=\"async\" class=\"swiper-slide-image\" src=\"http:\/\/kukielkahandmade.pl\/wp-content\/uploads\/2023\/08\/IMG_20210428_112729-300x225.jpg\" alt=\"Pasek wed\u0142ug w\u0142asnego projektu\" \/><figcaption class=\"elementor-image-carousel-caption\">Pasek wed\u0142ug w\u0142asnego projektu<\/figcaption><\/figure><\/a><\/div><div class=\"swiper-slide\" role=\"group\" aria-roledescription=\"slide\" aria-label=\"2 z 5\"><a data-elementor-open-lightbox=\"yes\" data-elementor-lightbox-slideshow=\"59589bf\" data-elementor-lightbox-title=\"pasek zegarkowy Kingi\" data-e-action-hash=\"#elementor-action%3Aaction%3Dlightbox%26settings%3DeyJpZCI6Mjk2LCJ1cmwiOiJodHRwOlwvXC9rdWtpZWxrYWhhbmRtYWRlLnBsXC93cC1jb250ZW50XC91cGxvYWRzXC8yMDIzXC8wOFwvcGFzZWstemVnYXJrb3d5LUtpbmdpLTIuanBnIiwic2xpZGVzaG93IjoiNTk1ODliZiJ9\" href=\"http:\/\/kukielkahandmade.pl\/wp-content\/uploads\/2023\/08\/pasek-zegarkowy-Kingi-2.jpg\"><figure class=\"swiper-slide-inner\"><img decoding=\"async\" class=\"swiper-slide-image\" src=\"http:\/\/kukielkahandmade.pl\/wp-content\/uploads\/2023\/08\/pasek-zegarkowy-Kingi-2-211x300.jpg\" alt=\"Nowy pasek do ulubionego zegarka szwagierki\" \/><figcaption class=\"elementor-image-carousel-caption\">Nowy pasek do ulubionego zegarka szwagierki<\/figcaption><\/figure><\/a><\/div><div class=\"swiper-slide\" role=\"group\" aria-roledescription=\"slide\" aria-label=\"3 z 5\"><a data-elementor-open-lightbox=\"yes\" data-elementor-lightbox-slideshow=\"59589bf\" data-elementor-lightbox-title=\"pasek zegarkowy warszawa\" data-e-action-hash=\"#elementor-action%3Aaction%3Dlightbox%26settings%3DeyJpZCI6Mjk3LCJ1cmwiOiJodHRwOlwvXC9rdWtpZWxrYWhhbmRtYWRlLnBsXC93cC1jb250ZW50XC91cGxvYWRzXC8yMDIzXC8wOFwvcGFzZWstemVnYXJrb3d5LXdhcnN6YXdhLTIuanBnIiwic2xpZGVzaG93IjoiNTk1ODliZiJ9\" href=\"http:\/\/kukielkahandmade.pl\/wp-content\/uploads\/2023\/08\/pasek-zegarkowy-warszawa-2.jpg\"><figure class=\"swiper-slide-inner\"><img decoding=\"async\" class=\"swiper-slide-image\" src=\"http:\/\/kukielkahandmade.pl\/wp-content\/uploads\/2023\/08\/pasek-zegarkowy-warszawa-2-211x300.jpg\" alt=\"Nowy pasek szyty na zam\u00f3wienie dla klienta\" \/><figcaption class=\"elementor-image-carousel-caption\">Nowy pasek szyty na zam\u00f3wienie dla klienta<\/figcaption><\/figure><\/a><\/div><div class=\"swiper-slide\" role=\"group\" aria-roledescription=\"slide\" aria-label=\"4 z 5\"><a data-elementor-open-lightbox=\"yes\" data-elementor-lightbox-slideshow=\"59589bf\" data-elementor-lightbox-title=\"Pasek Tommy Hilfiger\" data-e-action-hash=\"#elementor-action%3Aaction%3Dlightbox%26settings%3DeyJpZCI6Mjk4LCJ1cmwiOiJodHRwOlwvXC9rdWtpZWxrYWhhbmRtYWRlLnBsXC93cC1jb250ZW50XC91cGxvYWRzXC8yMDIzXC8wOFwvUGFzZWstVG9tbXktSGlsZmlnZXIuanBnIiwic2xpZGVzaG93IjoiNTk1ODliZiJ9\" href=\"http:\/\/kukielkahandmade.pl\/wp-content\/uploads\/2023\/08\/Pasek-Tommy-Hilfiger.jpg\"><figure class=\"swiper-slide-inner\"><img decoding=\"async\" class=\"swiper-slide-image\" src=\"http:\/\/kukielkahandmade.pl\/wp-content\/uploads\/2023\/08\/Pasek-Tommy-Hilfiger-211x300.jpg\" alt=\"Pasek dla kolegi do Tommy&#039;ego Gilfigera\" \/><figcaption class=\"elementor-image-carousel-caption\">Pasek dla kolegi do Tommy'ego Gilfigera<\/figcaption><\/figure><\/a><\/div><div class=\"swiper-slide\" role=\"group\" aria-roledescription=\"slide\" aria-label=\"5 z 5\"><a data-elementor-open-lightbox=\"yes\" data-elementor-lightbox-slideshow=\"59589bf\" data-elementor-lightbox-title=\"pasek do Krontalera\" data-e-action-hash=\"#elementor-action%3Aaction%3Dlightbox%26settings%3DeyJpZCI6Mjk5LCJ1cmwiOiJodHRwOlwvXC9rdWtpZWxrYWhhbmRtYWRlLnBsXC93cC1jb250ZW50XC91cGxvYWRzXC8yMDIzXC8wOFwvcGFzZWstZG8tS3JvbnRhbGVyYS5qcGciLCJzbGlkZXNob3ciOiI1OTU4OWJmIn0%3D\" href=\"http:\/\/kukielkahandmade.pl\/wp-content\/uploads\/2023\/08\/pasek-do-Krontalera.jpg\"><figure class=\"swiper-slide-inner\"><img decoding=\"async\" class=\"swiper-slide-image\" src=\"http:\/\/kukielkahandmade.pl\/wp-content\/uploads\/2023\/08\/pasek-do-Krontalera-211x300.jpg\" alt=\"Pasek z wachpappy do mojego Krontalera\" \/><figcaption class=\"elementor-image-carousel-caption\">Pasek z wachpappy do mojego Krontalera<\/figcaption><\/figure><\/a><\/div>\t\t\t<\/div>\n\t\t\t\t\t\t\t\t\t\t\t\t<div class=\"elementor-swiper-button elementor-swiper-button-prev\" role=\"button\" tabindex=\"0\">\n\t\t\t\t\t\t<i aria-hidden=\"true\" class=\"eicon-chevron-left\"><\/i>\t\t\t\t\t<\/div>\n\t\t\t\t\t<div class=\"elementor-swiper-button elementor-swiper-button-next\" role=\"button\" tabindex=\"0\">\n\t\t\t\t\t\t<i aria-hidden=\"true\" class=\"eicon-chevron-right\"><\/i>\t\t\t\t\t<\/div>\n\t\t\t\t\n\t\t\t\t\t\t\t\t\t<div class=\"swiper-pagination\"><\/div>\n\t\t\t\t\t\t\t\t\t<\/div>\n\t\t\t\t\t\t<\/div>\n\t\t\t\t<\/div>\n\t\t\t\t\t<\/div>\n\t\t<\/div>\n\t\t\t\t\t<\/div>\n\t\t<\/section>\n\t\t\t\t<\/div>\n\t\t","protected":false},"excerpt":{"rendered":"<p>Pasy Pas sk\u00f3rzany na prezent dla m\u0119\u017ca kole\u017canki Pas sk\u00f3rzany na prezent dla architekta Pasek dla nastolatki Paski zegarkowe Pasek wed\u0142ug w\u0142asnego<\/p>\n<p class=\"link-more\"><a class=\"myButt \" href=\"http:\/\/kukielkahandmade.pl\/?page_id=270\">Czytaj wi\u0119cej&#8230;<\/a><\/p>\n","protected":false},"author":1,"featured_media":0,"parent":0,"menu_order":0,"comment_status":"closed","ping_status":"closed","template":"","meta":{"footnotes":""},"class_list":["post-270","page","type-page","status-publish","hentry"],"_links":{"self":[{"href":"http:\/\/kukielkahandmade.pl\/index.php?rest_route=\/wp\/v2\/pages\/270","targetHints":{"allow":["GET"]}}],"collection":[{"href":"http:\/\/kukielkahandmade.pl\/index.php?rest_route=\/wp\/v2\/pages"}],"about":[{"href":"http:\/\/kukielkahandmade.pl\/index.php?rest_route=\/wp\/v2\/types\/page"}],"author":[{"embeddable":true,"href":"http:\/\/kukielkahandmade.pl\/index.php?rest_route=\/wp\/v2\/users\/1"}],"replies":[{"embeddable":true,"href":"http:\/\/kukielkahandmade.pl\/index.php?rest_route=%2Fwp%2Fv2%2Fcomments&post=270"}],"version-history":[{"count":22,"href":"http:\/\/kukielkahandmade.pl\/index.php?rest_route=\/wp\/v2\/pages\/270\/revisions"}],"predecessor-version":[{"id":302,"href":"http:\/\/kukielkahandmade.pl\/index.php?rest_route=\/wp\/v2\/pages\/270\/revisions\/302"}],"wp:attachment":[{"href":"http:\/\/kukielkahandmade.pl\/index.php?rest_route=%2Fwp%2Fv2%2Fmedia&parent=270"}],"curies":[{"name":"wp","href":"https:\/\/api.w.org\/{rel}","templated":true}]}}