{"id":23,"date":"2022-08-10T21:39:42","date_gmt":"2022-08-10T19:39:42","guid":{"rendered":"http:\/\/kukielkahandmade.pl\/?page_id=23"},"modified":"2023-08-10T21:52:51","modified_gmt":"2023-08-10T19:52:51","slug":"o-mnie","status":"publish","type":"page","link":"http:\/\/kukielkahandmade.pl\/?page_id=23","title":{"rendered":"O mnie"},"content":{"rendered":"\t\t<div data-elementor-type=\"wp-page\" data-elementor-id=\"23\" class=\"elementor elementor-23\">\n\t\t\t\t\t\t<section class=\"elementor-section elementor-top-section elementor-element elementor-element-6e65231f elementor-section-boxed elementor-section-height-default elementor-section-height-default\" data-id=\"6e65231f\" data-element_type=\"section\" data-e-type=\"section\">\n\t\t\t\t\t\t<div class=\"elementor-container elementor-column-gap-default\">\n\t\t\t\t\t<div class=\"elementor-column elementor-col-100 elementor-top-column elementor-element elementor-element-3ecaff77\" data-id=\"3ecaff77\" data-element_type=\"column\" data-e-type=\"column\">\n\t\t\t<div class=\"elementor-widget-wrap elementor-element-populated\">\n\t\t\t\t\t\t<div class=\"elementor-element elementor-element-4cc574a5 animated-slow elementor-invisible elementor-widget elementor-widget-text-editor\" data-id=\"4cc574a5\" data-element_type=\"widget\" data-e-type=\"widget\" data-settings=\"{&quot;_animation&quot;:&quot;fadeIn&quot;}\" data-widget_type=\"text-editor.default\">\n\t\t\t\t<div class=\"elementor-widget-container\">\n\t\t\t\t\t\t\t\t\t<p><\/p>\n<p>Witaj! Nazywam si\u0119 Marcin Kukie\u0142ka, tw\u00f3rca marki <em><b>Kukie\u0142ka Handmade<\/b><\/em>. Mam ogromn\u0105 przyjemno\u015b\u0107 podzieli\u0107 si\u0119 z Wami swoj\u0105 pasj\u0105 do r\u0119kodzie\u0142a sk\u00f3rzanego.<\/p>\n<p>Od najm\u0142odszych lat by\u0142em zafascynowany sztuk\u0105 tworzenia samodzielnie r\u00f3\u017cnych rzeczy. Gdy pozna\u0142em sposoby wytwarzania przedmiot\u00f3w ze sk\u00f3ry postanowi\u0142em stworzy\u0107 w\u0142asn\u0105 mark\u0119 wyrob\u00f3w sk\u00f3rzanych.<\/p>\n<p>Ka\u017cdy produkt, kt\u00f3ry znajdziesz w moim sklepie, jest rezultatem mojej mi\u0142o\u015bci do detali, staranno\u015bci w wykonaniu i troski o jako\u015b\u0107. Ka\u017cde moje dzie\u0142o jest unikalne, a ka\u017cdy szew jest wykonany z pe\u0142nym zaanga\u017cowaniem.<\/p>\n<p>Warto doda\u0107, \u017ce ca\u0142e r\u0119kodzie\u0142o sk\u00f3rzane powstaje w moim w\u0142asnym domu. Wierz\u0119, \u017ce dom to miejsce, gdzie rodzi si\u0119 prawdziwa tw\u00f3rczo\u015b\u0107 i umo\u017cliwia rozwijanie mojej pasji w przyjaznej i inspiruj\u0105cej atmosferze. To tutaj projektuj\u0119 i tworz\u0119 moje wyroby mog\u0105c jednocze\u015bnie w spokoju odetchn\u0105\u0107 od codziennej gonitwy.<\/p>\n<p>Jednak najwa\u017cniejsza w moim \u017cyciu jest rodzina. To ona stanowi fundament i mocne wsparcie w ka\u017cdym kroku mojej drogi. Moja \u017cona i nasze dzieci s\u0105 moj\u0105 najwi\u0119ksz\u0105 motywacj\u0105, kt\u00f3ra sprawia, \u017ce d\u0105\u017c\u0119 do doskona\u0142o\u015bci i wdra\u017cam w \u017cycie coraz to nowsze projekty. Dzi\u0119ki nim odkry\u0142em, \u017ce rado\u015b\u0107 z pracy, kt\u00f3r\u0105 kocham, nabiera g\u0142\u0119bszego znaczenia, gdy mog\u0119 dzieli\u0107 si\u0119 tym z moimi bliskimi. To w\u0142a\u015bnie dla nich tworzy\u0142em pierwsze przedmioty ze sk\u00f3ry.<\/p>\n<p>Ka\u017cdy produkt, kt\u00f3ry opuszcza moje r\u0119ce, jest ho\u0142dem dla tradycji i mi\u0142o\u015bci, kt\u00f3r\u0105 wk\u0142adam moj\u0105 prac\u0119. Wierz\u0119, \u017ce r\u0119kodzie\u0142o sk\u00f3rzane ma wyj\u0105tkow\u0105 moc przekazywania emocji, pi\u0119kna i unikalno\u015bci.<\/p>\n<p>Dzi\u0119kuj\u0119 za to, \u017ce jeste\u015b cz\u0119\u015bci\u0105 mojej podr\u00f3\u017cy artystycznej. Razem mo\u017cemy stworzy\u0107 nowe historie i pokaza\u0107 pi\u0119kno r\u0119kodzie\u0142a sk\u00f3rzanego ka\u017cdemu, kto docenia wyj\u0105tkowo\u015b\u0107 w detalu.<\/p>\n<p>Z serca,<\/p>\n<p>                 <\/p>\n<p>Marcin Kukie\u0142ka &#8211; Tw\u00f3rca marki <em>Kukie\u0142ka Handmade<\/em><\/p>\n<p><\/p>\t\t\t\t\t\t\t\t<\/div>\n\t\t\t\t<\/div>\n\t\t\t\t\t<\/div>\n\t\t<\/div>\n\t\t\t\t\t<\/div>\n\t\t<\/section>\n\t\t\t\t<\/div>\n\t\t","protected":false},"excerpt":{"rendered":"<p>Witaj! Nazywam si\u0119 Marcin Kukie\u0142ka, tw\u00f3rca marki Kukie\u0142ka Handmade. Mam ogromn\u0105 przyjemno\u015b\u0107 podzieli\u0107 si\u0119 z Wami swoj\u0105 pasj\u0105 do r\u0119kodzie\u0142a sk\u00f3rzanego. Od<\/p>\n<p class=\"link-more\"><a class=\"myButt \" href=\"http:\/\/kukielkahandmade.pl\/?page_id=23\">Czytaj wi\u0119cej&#8230;<\/a><\/p>\n","protected":false},"author":1,"featured_media":0,"parent":0,"menu_order":0,"comment_status":"closed","ping_status":"closed","template":"","meta":{"footnotes":""},"class_list":["post-23","page","type-page","status-publish","hentry"],"_links":{"self":[{"href":"http:\/\/kukielkahandmade.pl\/index.php?rest_route=\/wp\/v2\/pages\/23","targetHints":{"allow":["GET"]}}],"collection":[{"href":"http:\/\/kukielkahandmade.pl\/index.php?rest_route=\/wp\/v2\/pages"}],"about":[{"href":"http:\/\/kukielkahandmade.pl\/index.php?rest_route=\/wp\/v2\/types\/page"}],"author":[{"embeddable":true,"href":"http:\/\/kukielkahandmade.pl\/index.php?rest_route=\/wp\/v2\/users\/1"}],"replies":[{"embeddable":true,"href":"http:\/\/kukielkahandmade.pl\/index.php?rest_route=%2Fwp%2Fv2%2Fcomments&post=23"}],"version-history":[{"count":8,"href":"http:\/\/kukielkahandmade.pl\/index.php?rest_route=\/wp\/v2\/pages\/23\/revisions"}],"predecessor-version":[{"id":308,"href":"http:\/\/kukielkahandmade.pl\/index.php?rest_route=\/wp\/v2\/pages\/23\/revisions\/308"}],"wp:attachment":[{"href":"http:\/\/kukielkahandmade.pl\/index.php?rest_route=%2Fwp%2Fv2%2Fmedia&parent=23"}],"curies":[{"name":"wp","href":"https:\/\/api.w.org\/{rel}","templated":true}]}}